{"id":110,"date":"2023-07-20T13:40:22","date_gmt":"2023-07-20T11:40:22","guid":{"rendered":"https:\/\/dev.uniq-zuma.com\/?page_id=110"},"modified":"2023-10-22T16:04:11","modified_gmt":"2023-10-22T14:04:11","slug":"domov","status":"publish","type":"page","link":"https:\/\/uniq-zuma.com\/cz\/","title":{"rendered":"Stropn\u00e9 svetl\u00e1 a bezdr\u00f4tov\u00e9 reproduktory do cel\u00e9ho domu"},"content":{"rendered":"","protected":false},"excerpt":{"rendered":"","protected":false},"author":1,"featured_media":0,"parent":0,"menu_order":0,"comment_status":"closed","ping_status":"closed","template":"","meta":{"footnotes":""},"class_list":["post-110","page","type-page","status-publish","hentry"],"acf":[],"_links":{"self":[{"href":"https:\/\/uniq-zuma.com\/cz\/wp-json\/wp\/v2\/pages\/110","targetHints":{"allow":["GET"]}}],"collection":[{"href":"https:\/\/uniq-zuma.com\/cz\/wp-json\/wp\/v2\/pages"}],"about":[{"href":"https:\/\/uniq-zuma.com\/cz\/wp-json\/wp\/v2\/types\/page"}],"author":[{"embeddable":true,"href":"https:\/\/uniq-zuma.com\/cz\/wp-json\/wp\/v2\/users\/1"}],"replies":[{"embeddable":true,"href":"https:\/\/uniq-zuma.com\/cz\/wp-json\/wp\/v2\/comments?post=110"}],"version-history":[{"count":35,"href":"https:\/\/uniq-zuma.com\/cz\/wp-json\/wp\/v2\/pages\/110\/revisions"}],"predecessor-version":[{"id":540,"href":"https:\/\/uniq-zuma.com\/cz\/wp-json\/wp\/v2\/pages\/110\/revisions\/540"}],"wp:attachment":[{"href":"https:\/\/uniq-zuma.com\/cz\/wp-json\/wp\/v2\/media?parent=110"}],"curies":[{"name":"wp","href":"https:\/\/api.w.org\/{rel}","templated":true}]}}