{"id":12,"date":"2023-07-20T13:58:40","date_gmt":"2023-07-20T11:58:40","guid":{"rendered":"https:\/\/dev.uniq-zuma.com\/?page_id=12"},"modified":"2023-08-29T15:15:50","modified_gmt":"2023-08-29T13:15:50","slug":"obchodne-podmienky","status":"publish","type":"page","link":"https:\/\/uniq-zuma.com\/cz\/obchodne-podmienky\/","title":{"rendered":"Obchodn\u00ed podm\u00ednky"},"content":{"rendered":"<h1 class=\"wp-block-heading has-text-align-center\">Obchodn\u00ed podm\u00ednky<\/h1>\n\n\n\n<p><br><\/p>\n\n\n\n<p><strong>\u010dl. 1<\/strong><\/p>\n\n\n\n<p><strong>V\u0161eobecn\u00e1 ustanoven\u00ed<\/strong><\/p>\n\n\n\n<p>Tieto obchodn\u00e9 podmienky upravuj\u00fa pr\u00e1va a povinnosti spolo\u010dnosti UNIQ, s.r.o. so s\u00eddlom Turnianska&nbsp;65, 903 01 Senec, Slovensk\u00e1 republika, prevadzka: Turnianska 39, Senec, 90301, I\u010cO: 44452136, DI\u010c: 2022703254, I\u010c DPH: SK2022703254 zap\u00edsanej v Obchodnom registri Mestsk\u00e9ho s\u00fadu Bratislava III, oddiel: Sro, vlo\u017eka \u010d.: 123111\/B, (\u010falej len \u201ePred\u00e1vaj\u00faci&#8220;) a kupuj\u00faceho (\u010falej len \u201eKupuj\u00faci&#8220;) pri k\u00fape tovaru pon\u00fakan\u00e9ho Pred\u00e1vaj\u00facim prostredn\u00edctvom elektronick\u00e9ho obchodu na internetovej str\u00e1nke Pred\u00e1vaj\u00faceho www.uniq-zuma.com a s\u00fa neoddelite\u013enou s\u00fa\u010das\u0165ou k\u00fapnej zmluvy uzatvorenej medzi Kupuj\u00facim a Pred\u00e1vaj\u00facim na dia\u013eku prostredn\u00edctvom elektronick\u00e9ho obchodu na internete (\u010falej len \u201eK\u00fapna zmluva&#8220;). (Pred\u00e1vaj\u00faci a Kupuj\u00faci spolu \u010falej len \u201eZmluvn\u00e9 strany&#8220;).<\/p>\n\n\n\n<p>Tyto obchodn\u00ed podm\u00ednky plat\u00ed na \u00fazem\u00ed \u010cesk\u00e9 republiky pro koupi zbo\u017e\u00ed objednan\u00e9ho prost\u0159ednictv\u00edm elektronick\u00e9ho obchodu na str\u00e1nce www.uniq-zuma.com.<\/p>\n\n\n\n<p>Obchodn\u00ed podm\u00ednky vstupuj\u00ed v platnost dnem jejich zve\u0159ejn\u011bn\u00ed na www.uniq-zuma.com.<\/p>\n\n\n\n<p>Ve\u0161ker\u00e9 vztahy mezi kupuj\u00edc\u00edm a prod\u00e1vaj\u00edc\u00edm, kter\u00e9 nejsou upraveny t\u011bmito v\u0161eobecn\u00fdmi obchodn\u00edmi podm\u00ednkami, se \u0159\u00edd\u00ed p\u0159\u00edslu\u0161n\u00fdmi ustanoven\u00edmi z\u00e1kona \u010d. 513\/1991 Sb., obchodn\u00ed z\u00e1kon\u00edk, ve zn\u011bn\u00ed pozd\u011bj\u0161\u00edch p\u0159edpis\u016f. Je-li kupuj\u00edc\u00ed spot\u0159ebitelem ve smyslu \u00a7 52 odst. 3 z\u00e1kona \u010d. 40\/1964 Sb. ob\u010dansk\u00fd z\u00e1kon\u00edk, v platn\u00e9m zn\u011bn\u00ed, tj. jedn\u00e1-li se o kupuj\u00edc\u00edho, kter\u00fd p\u0159i uzav\u00edr\u00e1n\u00ed a pln\u011bn\u00ed smlouvy nejedn\u00e1 v r\u00e1mci sv\u00e9 obchodn\u00ed nebo jin\u00e9 podnikatelsk\u00e9 \u010dinnosti, \u0159\u00edd\u00ed se vztahy neupraven\u00e9 t\u011bmito v\u0161eobecn\u00fdmi obchodn\u00edmi podm\u00ednkami p\u0159\u00edslu\u0161n\u00fdmi ustanoven\u00edmi z\u00e1kona \u010d. 40\/1964 Sb. ob\u010dansk\u00fd z\u00e1kon\u00edk, v platn\u00e9m zn\u011bn\u00ed.<\/p>\n\n\n\n<p>Pr\u00e1va Kupuj\u00edc\u00edho ve vztahu k Prod\u00e1vaj\u00edc\u00edmu vypl\u00fdvaj\u00edc\u00ed ze z\u00e1kona \u010d. 250\/2007 Sb. o ochran\u011b spot\u0159ebitele ao zm\u011bn\u011b z\u00e1kona Slovensk\u00e9 n\u00e1rodn\u00ed rady \u010d. 372\/1990 Sb. o p\u0159estupc\u00edch ve zn\u011bn\u00ed pozd\u011bj\u0161\u00edch p\u0159edpis\u016f a z\u00e1kona \u010d.j. 108\/2000 Sb. o ochran\u011b spot\u0159ebitele p\u0159i podomn\u00edm prodeji a z\u00e1silkov\u00e9m prodeji ve zn\u011bn\u00ed pozd\u011bj\u0161\u00edch p\u0159edpis\u016f z\u016fst\u00e1vaj\u00ed t\u011bmito obchodn\u00ed podm\u00ednky nedot\u010deny.<\/p>\n\n\n\n<p>Kupuj\u00edc\u00edm se rozum\u00ed fyzick\u00e1 nebo pr\u00e1vnick\u00e1 osoba registrovan\u00e1 v syst\u00e9mu, kter\u00e1 si elektronicky objedn\u00e1 zbo\u017e\u00ed prost\u0159ednictv\u00edm e-shopu na adrese www.uniq-zuma.com.<\/p>\n\n\n\n<p>Elektronickou objedn\u00e1vkou se rozum\u00ed odeslan\u00fd elektronick\u00fd formul\u00e1\u0159, obsahuj\u00edc\u00ed informace o Kupuj\u00edc\u00edm, seznam objednan\u00e9ho zbo\u017e\u00ed z nab\u00eddky elektronick\u00e9ho obchodu na str\u00e1nce www.uniq-zuma.com a celkov\u00e1 cena tohoto zbo\u017e\u00ed, zpracovan\u00fd syst\u00e9mem elektronick\u00e9ho obchodu.<\/p>\n\n\n\n<p>Zbo\u017e\u00edm se rozum\u00ed v\u0161echny v\u00fdrobky uveden\u00e9 v aktu\u00e1ln\u00edm cen\u00edku prod\u00e1vaj\u00edc\u00edho na www.uniq-zuma.com.<\/p>\n\n\n\n<p>Kontaktn\u00ed \u00fadaje prod\u00e1vaj\u00edc\u00edho pro kupuj\u00edc\u00edho:<\/p>\n\n\n\n<p>UNIQ, s.r.o.<\/p>\n\n\n\n<p>Telefonn\u00ed kontakt: +421 918 894 979<\/p>\n\n\n\n<p>E-mail: info@uniq-zuma.com<\/p>\n\n\n\n<p>Proces registrace Kupuj\u00edc\u00edho, elektronick\u00e9 objedn\u00e1n\u00ed zbo\u017e\u00ed a uskute\u010dn\u011bn\u00ed platby za zbo\u017e\u00ed elektronicky objednan\u00e9 jako\u017e i zpracov\u00e1n\u00ed osobn\u00edch \u00fadaj\u016f Kupuj\u00edc\u00edho je chr\u00e1n\u011bno a zabezpe\u010deno. Osobn\u00ed a d\u016fv\u011brn\u00e9 informace jsou bezpe\u010dn\u011b uchov\u00e1v\u00e1ny b\u011bhem p\u0159enosu z prohl\u00ed\u017ee\u010de Kupuj\u00edc\u00edho na www.uniq-zuma.com.<\/p>\n\n\n\n<p><strong>\u010dl. 2<\/strong><\/p>\n\n\n\n<p><strong>Objedn\u00e1vka<\/strong><\/p>\n\n\n\n<p>Podm\u00ednkou platnosti elektronick\u00e9 objedn\u00e1vky je pravdiv\u00e9 a \u00fapln\u00e9 vypln\u011bn\u00ed v\u0161ech registra\u010dn\u00edch formul\u00e1\u0159\u016f.<\/p>\n\n\n\n<p>Prod\u00e1vaj\u00edc\u00ed neodpov\u00edd\u00e1 za zpo\u017ed\u011bn\u00ed dod\u00e1vky a za \u0161kodu, kter\u00e1 byla zp\u016fsobena d\u016fsledkem toho, \u017ee Kupuj\u00edc\u00ed p\u0159i registraci nezadal v\u0161echny po\u017eadovan\u00e9 \u00fadaje a\/nebo vyplnil registra\u010dn\u00ed formul\u00e1\u0159 chybn\u011b.<\/p>\n\n\n\n<p>P\u0159ijat\u00e1 elektronick\u00e1 objedn\u00e1vka je pova\u017eov\u00e1na za n\u00e1vrh Kupn\u00ed smlouvy a je z\u00e1vazn\u00e1.<\/p>\n\n\n\n<p>Kupn\u00ed smlouva mezi Prod\u00e1vaj\u00edc\u00edm a Kupuj\u00edc\u00edm vznik\u00e1 na z\u00e1klad\u011b z\u00e1vazn\u00e9ho potvrzen\u00ed elektronick\u00e9 objedn\u00e1vky v syst\u00e9mu. Prod\u00e1vaj\u00edc\u00ed je povinen potvrdit e-mailovou zpr\u00e1vou (na e-mailovou adresu Kupuj\u00edc\u00edho uvedenou v elektronick\u00e9 objedn\u00e1vce) obsah elektronick\u00e9 objedn\u00e1vky Kupuj\u00edc\u00edho a to bezodkladn\u011b po jej\u00edm doru\u010den\u00ed Prod\u00e1vaj\u00edc\u00edmu, jinak plat\u00ed, \u017ee k uzav\u0159en\u00ed Kupn\u00ed smlouvy mezi Smluvn\u00edmi stranami nedo\u0161lo. Kupuj\u00edc\u00ed je povinen zkontrolovat obsah elektronick\u00e9 objedn\u00e1vky uveden\u00fd v e-mailov\u00e9 zpr\u00e1v\u011b Prod\u00e1vaj\u00edc\u00edm. V p\u0159\u00edpad\u011b zji\u0161t\u011bn\u00ed nesrovnalost\u00ed t\u00fdkaj\u00edc\u00edch se obsahu elektronick\u00e9 objedn\u00e1vky potvrzen\u00e9 ze strany Prod\u00e1vaj\u00edc\u00edho, je Kupuj\u00edc\u00ed povinen o tom uv\u011bdomit Prod\u00e1vaj\u00edc\u00edho prost\u0159ednictv\u00edm e-mailov\u00e9 zpr\u00e1vy zaslan\u00e9 na e-mailovou adresu info@uniq-zuma.com.<\/p>\n\n\n\n<p>Za podstatn\u00e9 n\u00e1le\u017eitosti elektronick\u00e9 objedn\u00e1vky se pova\u017euj\u00ed:<\/p>\n\n\n\n<p>a. Identifikace Kupuj\u00edc\u00edho, t.j. obchodn\u00ed jm\u00e9no nebo jm\u00e9no a p\u0159\u00edjmen\u00ed, s\u00eddlo\/bydli\u0161t\u011b, I\u010cO, DI\u010c, kontakt(telefon a e-mailov\u00e1 adresa);<\/p>\n\n\n\n<p>b. K\u00f3d objedn\u00e1van\u00e9ho zbo\u017e\u00ed dle katalogu nebo tak\u00e9 jeho popis;<\/p>\n\n\n\n<p>c. Mno\u017estv\u00ed objedn\u00e1van\u00e9ho zbo\u017e\u00ed;<\/p>\n\n\n\n<p>d. Adresa m\u00edsta dod\u00e1n\u00ed zbo\u017e\u00ed (nebude-li tento \u00fadaj uveden, m\u00e1 se za to, \u017ee zbo\u017e\u00ed m\u00e1 b\u00fdt dod\u00e1no na adresu s\u00eddla\/bydli\u0161t\u011b Kupuj\u00edc\u00edho) ;<\/p>\n\n\n\n<p>e. Jm\u00e9no a p\u0159\u00edjmen\u00ed osoby opr\u00e1vn\u011bn\u00e9 k p\u0159evzet\u00ed dod\u00e1van\u00e9ho zbo\u017e\u00ed (nebude-li tento \u00fadaj uveden, m\u00e1 se za to, \u017ee k p\u0159evzet\u00ed dod\u00e1van\u00e9ho zbo\u017e\u00ed je opr\u00e1vn\u011bn Kupuj\u00edc\u00ed, p\u0159\u00edpadn\u011b jak\u00fdkoli jeho zam\u011bstnanec).<\/p>\n\n\n\n<p>Nebude-li objedn\u00e1vka obsahovat n\u00e1le\u017eitosti dle p\u0159edchoz\u00edho \u010dl\u00e1nku, je pova\u017eov\u00e1na za ne\u00faplnou. Prod\u00e1vaj\u00edc\u00ed se v takov\u00e9m p\u0159\u00edpad\u011b pokus\u00ed kontaktovat Kupuj\u00edc\u00edho a vyzvat jej k odstran\u011bn\u00ed nedostatk\u016f elektronick\u00e9 objedn\u00e1vky a jej\u00edmu p\u0159\u00edpadn\u00e9mu up\u0159esn\u011bn\u00ed a\/nebo dopln\u011bn\u00ed. Okam\u017eikem doru\u010den\u00ed \u00fadaj\u016f up\u0159es\u0148uj\u00edc\u00edch a\/nebo dopl\u0148uj\u00edc\u00edch elektronickou objedn\u00e1vku Prod\u00e1vaj\u00edc\u00edmu se elektronick\u00e1 objedn\u00e1vka pova\u017euje za \u00faplnou.<\/p>\n\n\n\n<p><strong>\u010dl.3&nbsp;<\/strong><\/p>\n\n\n\n<p><strong>Storno objedn\u00e1vky<\/strong><\/p>\n\n\n\n<p>Kupuj\u00edc\u00ed m\u00e1 pr\u00e1vo stornovat elektronickou objedn\u00e1vku bez ud\u00e1n\u00ed d\u016fvodu kdykoli p\u0159ed jej\u00edm z\u00e1vazn\u00fdm potvrzen\u00edm ze strany Prod\u00e1vaj\u00edc\u00edho.<\/p>\n\n\n\n<p>Prod\u00e1vaj\u00edc\u00ed si vyhrazuje pr\u00e1vo zru\u0161it objedn\u00e1vku nebo jej\u00ed \u010d\u00e1st, pokud se zbo\u017e\u00ed ji\u017e nevyr\u00e1b\u00ed nebo nedod\u00e1v\u00e1 nebo se v\u00fdrazn\u00fdm zp\u016fsobem zm\u011bnila cena dodavatele zbo\u017e\u00ed. V p\u0159\u00edpad\u011b, \u017ee tato situace nastane, Prod\u00e1vaj\u00edc\u00ed bude neprodlen\u011b kontaktovat Kupuj\u00edc\u00edho za \u00fa\u010delem dohody o dal\u0161\u00edm postupu. V p\u0159\u00edpad\u011b, \u017ee Kupuj\u00edc\u00ed zaplatil ji\u017e \u010d\u00e1st nebo celou \u010d\u00e1stku kupn\u00ed ceny, bude mu tato \u010d\u00e1stka p\u0159evedena zp\u011bt na jeho \u00fa\u010det ve lh\u016ft\u011b 15-ti kalend\u00e1\u0159n\u00edch dn\u016f.<\/p>\n\n\n\n<p><strong>\u010dl. 4<\/strong><\/p>\n\n\n\n<p><strong>Spot\u0159ebitelsk\u00e9 smlouvy a pou\u010den\u00ed o pr\u00e1vu odstoupit od smlouvy<\/strong><\/p>\n\n\n\n<p>V p\u0159\u00edpad\u011b, \u017ee je kupn\u00ed smlouva uzav\u0159ena za pou\u017eit\u00ed prost\u0159edk\u016f komunikace na d\u00e1lku (v tomto p\u0159\u00edpad\u011b elektronick\u00e9ho obchodu na internetu), m\u00e1 kupuj\u00edc\u00ed pr\u00e1vo od kupn\u00ed smlouvy odstoupit do 7 dn\u016f od p\u0159evzet\u00ed zbo\u017e\u00ed. Pouze v p\u0159\u00edpad\u011b, \u017ee prod\u00e1vaj\u00edc\u00ed neposkytl kupuj\u00edc\u00edmu informace, kter\u00e9 je povinen poskytnout podle \u00a7 10 z\u00e1kona \u010d. 108\/2000 Sb. o ochran\u011b spot\u0159ebitele p\u0159i podomn\u00edm a z\u00e1silkov\u00e9m prodeji, ve zn\u011bn\u00ed pozd\u011bj\u0161\u00edch p\u0159edpis\u016f, \u010din\u00ed tato lh\u016fta 3 m\u011bs\u00edce od p\u0159evzet\u00ed zbo\u017e\u00ed. Pokud jsou informace v t\u00e9to lh\u016ft\u011b \u0159\u00e1dn\u011b p\u0159ed\u00e1ny, t\u0159\u00edm\u011bs\u00ed\u010dn\u00ed lh\u016fta p\u0159est\u00e1v\u00e1 b\u011b\u017eet a od tohoto okam\u017eiku b\u011b\u017e\u00ed sedmidenn\u00ed lh\u016fta. Kupuj\u00edc\u00ed v\u0161ak nem\u016f\u017ee odstoupit od smluv uveden\u00fdch v \u00a7 12 odst. 5 z\u00e1kona \u010d. 108\/2000 Sb. o ochran\u011b spot\u0159ebitele p\u0159i podomn\u00edm a z\u00e1silkov\u00e9m prodeji, ve zn\u011bn\u00ed pozd\u011bj\u0161\u00edch p\u0159edpis\u016f.<\/p>\n\n\n\n<p>Ozn\u00e1men\u00ed Kupuj\u00edc\u00edho o odstoupen\u00ed od Kupn\u00ed smlouvy mus\u00ed b\u00fdt Prod\u00e1vaj\u00edc\u00edmu doru\u010deno do skon\u010den\u00ed doby pro odstoupen\u00ed a z\u00e1rove\u0148 mus\u00ed b\u00fdt Prod\u00e1vaj\u00edc\u00edmu \u0159\u00e1dn\u011b vr\u00e1ceno kompletn\u00ed zbo\u017e\u00ed v p\u016fvodn\u00edm stavu se v\u0161emi doklady a dokumentac\u00ed, kter\u00e9 byly Kupuj\u00edc\u00edmu dod\u00e1ny. Pro rychl\u00e9 vy\u0159\u00edzen\u00ed v\u011bci je nutno vr\u00e1tit zbo\u017e\u00ed na stejnou adresu Prod\u00e1vaj\u00edc\u00edho, kter\u00e1 je v dokladech ke zbo\u017e\u00ed uvedena jako m\u00edsto, ze kter\u00e9ho bylo zbo\u017e\u00ed Kupuj\u00edc\u00edmu odesl\u00e1no.<\/p>\n\n\n\n<p>Odstoupen\u00edm Kupuj\u00edc\u00edho od Kupn\u00ed smlouvy se Kupn\u00ed smlouva od za\u010d\u00e1tku ru\u0161\u00ed. Prod\u00e1vaj\u00edc\u00ed je povinen p\u0159evz\u00edt zbo\u017e\u00ed zp\u011bt a vr\u00e1tit Kupuj\u00edc\u00edmu nejpozd\u011bji ve lh\u016ft\u011b 15 dn\u016f ode dne odstoupen\u00ed od Kupn\u00ed smlouvy cenu zaplacenou za zbo\u017e\u00ed p\u0159evodem na \u00fa\u010det Kupuj\u00edc\u00edho, v\u010detn\u011b n\u00e1klad\u016f, kter\u00e9 Kupuj\u00edc\u00ed vynalo\u017eil v souvislosti s objedn\u00e1n\u00edm zbo\u017e\u00ed. N\u00e1klady na vr\u00e1cen\u00ed zbo\u017e\u00ed nese Kupuj\u00edc\u00ed jen v tom p\u0159\u00edpad\u011b, pokud zbo\u017e\u00ed pln\u011b odpov\u00eddal kvalitativn\u00edm po\u017eadavk\u016fm a nem\u011bl vady.<\/p>\n\n\n\n<p>V p\u0159\u00edpad\u011b nespln\u011bn\u00ed n\u011bkter\u00e9 z v\u00fd\u0161e uveden\u00fdch podm\u00ednek Prod\u00e1vaj\u00edc\u00ed nebude akceptovat odstoupen\u00ed od elektronick\u00e9 objedn\u00e1vky a zbo\u017e\u00ed bude vr\u00e1ceno na n\u00e1klady Kupuj\u00edc\u00edho zp\u011bt.<\/p>\n\n\n\n<p><strong>\u010dl. 5<\/strong><\/p>\n\n\n\n<p><strong>Cenov\u00e9 podm\u00ednky<\/strong><\/p>\n\n\n\n<p>Kupn\u00ed cena zbo\u017e\u00ed nab\u00edzen\u00e9ho Prod\u00e1vaj\u00edc\u00edm prost\u0159ednictv\u00edm str\u00e1nky www.uniq-zuma.com je uvedena v\u017edy vedle vybran\u00e9ho zbo\u017e\u00ed. Kupn\u00ed cena se v\u017edy uv\u00e1d\u00ed s dan\u00ed z p\u0159idan\u00e9 hodnoty, nen\u00ed-li uvedeno jinak.<\/p>\n\n\n\n<p>Pred\u00e1vaj\u00faci si vyhradzuje pr\u00e1vo jednostranne upravi\u0165 (zv\u00fd\u0161i\u0165\/zn\u00ed\u017ei\u0165) ceny tovarov uveden\u00e9 na www.uniq-zuma.com s t\u00fdm, \u017ee nov\u00e9 ceny tovarov s\u00fa pre Kupuj\u00faceho platn\u00e9 d\u0148om ich uverejnenia na www.uniq-zuma.com. Tak\u00e1to \u00faprava ceny sa nevz\u0165ahuje na tovar u\u017e Kupuj\u00facim objednan\u00fd. V pr\u00edpade, ak sa na www.uniq-zuma.com objav\u00ed pri niektorom tovare cena evidentne chybn\u00e1, napr. ak ide o tovar be\u017ene dostupn\u00fd a v\u0161eobecne zn\u00e1my a jeho cena sa odli\u0161uje od ceny obvyklej, alebo z d\u00f4vodu chyby syst\u00e9mu sa pri tovare objav\u00ed cena &#8222;0,- EUR&#8220; alebo &#8222;1,-EUR&#8220;, Pred\u00e1vaj\u00faci nem\u00e1 povinnos\u0165 tovar doda\u0165 za cenu chybn\u00fa, ale m\u00f4\u017ee Kupuj\u00facemu pon\u00faknu\u0165 dodanie tovaru za cenu riadnu. Ak Kupuj\u00faci v tomto pr\u00edpade s riadnou cenou tovaru nes\u00fahlas\u00ed, m\u00f4\u017ee od K\u00fapnej zmluvy odst\u00fapi\u0165.<\/p>\n\n\n\n<p><strong>\u010dl. 6<\/strong><\/p>\n\n\n\n<p><strong>Platebn\u00ed podm\u00ednky<\/strong><\/p>\n\n\n\n<p>1.\u00a0 \u00a0 \u00a0 Platby se prov\u00e1d\u011bj\u00ed v EUR p\u0159i\u010dem\u017e Prod\u00e1vaj\u00edc\u00ed vy\u017eaduje platbu p\u0159edem. P\u0159i tomto zp\u016fsobu platby je Kupuj\u00edc\u00edmu zasl\u00e1no zbo\u017e\u00ed kur\u00fdrn\u00ed slu\u017ebou po uhrazen\u00ed a p\u0159ips\u00e1n\u00ed cel\u00e9 \u010d\u00e1stky zbo\u017e\u00ed uveden\u00e9ho v elektronick\u00e9 objedn\u00e1vky na \u00fa\u010det UNIQ, s.r.o.<\/p>\n\n\n\n<p><strong>\u010dl. 7<\/strong><\/p>\n\n\n\n<p><strong>Dodac\u00ed podm\u00ednky<\/strong><\/p>\n\n\n\n<p>Dod\u00e1vky elektronicky objednan\u00e9ho zbo\u017e\u00ed budou dle dostupnosti zbo\u017e\u00ed a provozn\u00edch mo\u017enost\u00ed Prod\u00e1vaj\u00edc\u00edho expedov\u00e1ny v co nejkrat\u0161\u00edm term\u00ednu, nejpozd\u011bji do 14 pracovn\u00edch dn\u016f ode dne, kdy Prod\u00e1vaj\u00edc\u00ed potvrdil p\u0159ijet\u00ed elektronick\u00e9 objedn\u00e1vky Kupuj\u00edc\u00edho a to na m\u00edst\u011b dod\u00e1n\u00ed uveden\u00e9 v elektronick\u00e9 objedn\u00e1vce.<\/p>\n\n\n\n<p>Kupuj\u00faci je informovan\u00fd o zaslan\u00ed tovaru e-mailom. Tovar je dod\u00e1van\u00fd do predajne UNIQ, s.r.o., Turnianska 39, Senec, 90301, kde si ho Kupuj\u00faci m\u00f4\u017ee prevzia\u0165 osobne. Kupuj\u00faci si tie\u017e m\u00f4\u017ee objedna\u0165 kuri\u00e9rsku slu\u017ebu, za ktor\u00fa zaplat\u00ed v hotovosti priamo na mieste dodania pracovn\u00edkovi kuri\u00e9rskej firmy. Cena z\u00e1vis\u00ed od aktu\u00e1lneho cenn\u00edku a hmotnosti tovaru prepravovanej spolo\u010dnosti:<\/p>\n\n\n\n<p>Informace o hmotnosti zbo\u017e\u00ed poskytuje Prod\u00e1vaj\u00edc\u00ed a j\u00edm pov\u011b\u0159en\u00fd pracovn\u00edci prodeje na zve\u0159ejn\u011bn\u00fdch kontaktn\u00edch e-mailech a telefonn\u00edch \u010d\u00edslech a je uveden tak\u00e9 na elektronick\u00e9 objednavce.<\/p>\n\n\n\n<p>Zbo\u017e\u00ed je dod\u00e1v\u00e1no prost\u0159ednictv\u00edm kur\u00fdrn\u00ed slu\u017eby na adresu m\u00edsta dod\u00e1n\u00ed uvedenou Kupuj\u00edc\u00edm v elektronick\u00e9 objedn\u00e1vce. Kur\u00fdrn\u00ed slu\u017eba bude telefonicky kontaktovat Kupuj\u00edc\u00edho p\u0159ed dod\u00e1n\u00edm zbo\u017e\u00ed Kupuj\u00edc\u00edmu a z\u00e1vazn\u011b si s n\u00edm dohodne p\u0159esn\u00fd \u010das dod\u00e1n\u00ed zbo\u017e\u00ed Kupuj\u00edc\u00edmu. V p\u0159\u00edpad\u011b, \u017ee Kupuj\u00edc\u00ed nebude p\u0159\u00edtomen v dob\u011b, kterou si z\u00e1vazn\u011b dohodl s kur\u00fdrn\u00ed slu\u017ebou, na m\u00edst\u011b dod\u00e1n\u00ed a nezmocn\u00ed jinou osobu k p\u0159evzet\u00ed zbo\u017e\u00ed, Kupuj\u00edc\u00ed odpov\u00edd\u00e1 za \u0161kodu, kter\u00e1 vznikla Prod\u00e1vaj\u00edc\u00edmu a\/nebo kur\u00fdrn\u00ed slu\u017eb\u011b v d\u016fsledku ne\u00fasp\u011b\u0161n\u00e9ho dod\u00e1n\u00ed zbo\u017e\u00ed Kupuj\u00edc\u00edmu. N\u00e1klady op\u011btovn\u00e9ho dod\u00e1n\u00ed zbo\u017e\u00ed Kupuj\u00edc\u00edmu ponese Kupuj\u00edc\u00ed.<\/p>\n\n\n\n<p>Vlastnick\u00e9 pr\u00e1vo ke zbo\u017e\u00ed p\u0159ech\u00e1z\u00ed na kupuj\u00edc\u00edho jeho p\u0159evzet\u00edm a zaplacen\u00edm kupn\u00ed ceny.<\/p>\n\n\n\n<p>Z\u00e1sielka s tovarom v\u017edy obsahuje fakt\u00faru. Pri prevzat\u00ed tovaru je Kupuj\u00faci povinn\u00fd skontrolova\u0165, \u010di obal, v ktorom je tovar zabalen\u00fd, nie je po\u0161koden\u00fd a podp\u00edsa\u0165 dokument o prevzat\u00ed z\u00e1sielky. V pr\u00edpade jeho po\u0161kodenia je nutn\u00e9 na mieste dodania tovaru sp\u00edsa\u0165 s prepravcom &#8211; kuri\u00e9rskou slu\u017ebou protokol o zisten\u00fdch vad\u00e1ch sp\u00f4soben\u00fdch po\u010das prepravy. Ak Kupuj\u00faci tovar prevezme aj napriek evidentn\u00e9mu po\u0161kodeniu obalu, Pred\u00e1vaj\u00faci neuzn\u00e1 pr\u00edpadn\u00e9 neskor\u0161ie reklam\u00e1cie z tohto d\u00f4vodu.<\/p>\n\n\n\n<p>Za nepo\u0161kozenou, neotev\u0159enou, origin\u00e1ln\u00ed z\u00e1silku se pova\u017euje pouze ta, kter\u00e1 je p\u0159elepena ochrannou p\u00e1skou prod\u00e1vaj\u00edc\u00edho Dopravce je povinen prodat kupuj\u00edc\u00edmu zbo\u017e\u00ed po jednotliv\u00fdch polo\u017ek\u00e1ch a na m\u00edst\u011b sepsat protokol. Za takto vzniklou \u0161kodu odpov\u00edd\u00e1 dopravce.<\/p>\n\n\n\n<p>Zbo\u017e\u00ed dod\u00e1v\u00e1 Prod\u00e1vaj\u00edc\u00ed v\u00fdlu\u010dn\u011b na \u00fazem\u00ed \u010cesk\u00e9 republiky.<\/p>\n\n\n\n<p>Dod\u00e1n\u00ed zbo\u017e\u00ed na \u00fazem\u00ed \u010dlensk\u00fdch st\u00e1t\u016f Evropsk\u00e9 unie, p\u0159\u00edp. jin\u00fdch st\u00e1t\u016f se uskute\u010d\u0148uje na z\u00e1klad\u011b p\u0159edchoz\u00edho souhlasu a vz\u00e1jemn\u00e9ho p\u00edsemn\u00e9ho odsouhlasen\u00ed si ceny za po\u0161tovn\u00e9 a baln\u00e9 a p\u0159\u00edp. dal\u0161\u00edch dodac\u00edch podm\u00ednek mezi Kupuj\u00edc\u00edm a Prod\u00e1vaj\u00edc\u00edm.<\/p>\n\n\n\n<p><strong>\u010dl. 8<\/strong><\/p>\n\n\n\n<p><strong>Z\u00e1ru\u010dn\u00ed podm\u00ednky a z\u00e1ru\u010dn\u00ed doba<\/strong><\/p>\n\n\n\n<p>Na dod\u00e1van\u00e9 zbo\u017e\u00ed je Kupuj\u00edc\u00edmu poskytnuta z\u00e1ru\u010dn\u00ed doba 24 m\u011bs\u00edc\u016f. Na vybran\u00e9 druhy zbo\u017e\u00ed m\u016f\u017ee b\u00fdt Kupuj\u00edc\u00edmu poskytnuta del\u0161\u00ed z\u00e1ru\u010dn\u00ed doba. Z\u00e1ru\u010dn\u00ed doba za\u010d\u00edn\u00e1 b\u011b\u017eet v den p\u0159ed\u00e1n\u00ed zbo\u017e\u00ed Kupuj\u00edc\u00edmu.<\/p>\n\n\n\n<p>Ke ka\u017ed\u00e9mu zbo\u017e\u00ed zakoupen\u00e9mu u Prod\u00e1vaj\u00edc\u00edho je p\u0159i jeho dod\u00e1n\u00ed Kupuj\u00edc\u00edmu p\u0159ilo\u017eena faktura a dodac\u00ed list (doklad o koupi zbo\u017e\u00ed), kter\u00e1 slou\u017e\u00ed z\u00e1rove\u0148 jako z\u00e1ru\u010dn\u00ed doklad.<\/p>\n\n\n\n<p>Reklamovat lze pouze zbo\u017e\u00ed zakoupen\u00e9 u Prod\u00e1vaj\u00edc\u00edho a zcela zaplacen\u00e9.<\/p>\n\n\n\n<p>P\u0159i uplatn\u011bn\u00ed reklamace je Kupuj\u00edc\u00ed povinen doru\u010dit na adresu s\u00eddla Prod\u00e1vaj\u00edc\u00edho reklamovan\u00e9 zbo\u017e\u00ed \u010dist\u00e9, mechanicky nepo\u0161kozen\u00e9 v origin\u00e1ln\u00edm balen\u00ed v\u010detn\u011b Po\u017eadovan\u00fdch doklad\u016f.<\/p>\n\n\n\n<p>Opr\u00e1vn\u011bn\u00e1 z\u00e1ru\u010dn\u00ed reklamace je bezplatn\u00e1. P\u0159i neopr\u00e1vn\u011bn\u00e9 reklamaci je Kupuj\u00edc\u00ed povinen uhradit n\u00e1klady vznikl\u00e9 \u0159e\u0161en\u00edm t\u00e9to reklamace.<\/p>\n\n\n\n<p><strong>\u010dl. 9<\/strong><\/p>\n\n\n\n<p><strong>Okolnosti vylu\u010duj\u00edc\u00ed odpov\u011bdnost za nemo\u017enost pln\u011bn\u00ed<\/strong><\/p>\n\n\n\n<p>\u017d\u00e1dn\u00e1 ze Smluvn\u00edch stran nenese odpov\u011bdnost za nemo\u017enost pln\u011bn\u00ed v p\u0159\u00edpad\u011b, \u017ee nastanou skute\u010dnosti vlivem vy\u0161\u0161\u00ed moci.<\/p>\n\n\n\n<p>Vy\u0161\u0161\u00ed moc\u00ed se rozum\u00ed ud\u00e1lost, kterou smluvn\u00ed strany nemohly p\u0159edv\u00eddat a kter\u00e9 nemohly zabr\u00e1nit ani p\u0159i vynalo\u017een\u00ed maxim\u00e1ln\u00ed odborn\u00e9 p\u00e9\u010de mimo svou kontrolu, zejm\u00e9na v\u00e1lka, povst\u00e1n\u00ed, st\u00e1vky, p\u0159\u00edrodn\u00ed katastrofy, zm\u011bny pr\u00e1vn\u00edch p\u0159edpis\u016f a dal\u0161\u00ed.<\/p>\n\n\n\n<p>V p\u0159\u00edpad\u011b, \u017ee nastane ud\u00e1lost podle bodu 2 jsou Smluvn\u00ed strany povinny si tuto skute\u010dnost ozn\u00e1mit bez zbyte\u010dn\u00e9ho odkladu.<\/p>\n\n\n\n<p>Vznik neo\u010dek\u00e1van\u00fdch technick\u00fdch nebo logistick\u00fdch poruch osvobozuje Prod\u00e1vaj\u00edc\u00edho od dohodnut\u00fdch z\u00e1vazk\u016f.<\/p>\n\n\n\n<p><strong>\u010dl.10<\/strong><\/p>\n\n\n\n<p><strong>Z\u00e1v\u011bre\u010dn\u00e1 ustanoven\u00ed<\/strong><\/p>\n\n\n\n<p>P\u0159i n\u00e1kupu zbo\u017e\u00ed na www.uniq-zuma.com se p\u0159edpokl\u00e1d\u00e1, \u017ee kupuj\u00edc\u00ed je obezn\u00e1men s technick\u00fdmi mo\u017enostmi internetu a \u017ee akceptuje mo\u017en\u00e9 probl\u00e9my souvisej\u00edc\u00ed s technologi\u00ed.<\/p>\n\n\n\n<p>Prod\u00e1vaj\u00edc\u00ed neodpov\u00edd\u00e1 za \u0161kody zp\u016fsoben\u00e9 chybn\u00fdm p\u0159ipojen\u00edm na www.uniq-zuma.com Ochrana po\u010d\u00edta\u010de, p\u0159\u00edpadn\u011b \u00fadaj\u016f nach\u00e1zej\u00edc\u00edch se v po\u010d\u00edta\u010di zat\u011b\u017euje Kupuj\u00edc\u00edho.<\/p>\n\n\n\n<p>Prod\u00e1vaj\u00edc\u00ed upozor\u0148uje, \u017ee informace uveden\u00e9 na str\u00e1nce www.uniq-zuma.com mohou b\u00fdt aktualizov\u00e1ny bez p\u0159edchoz\u00edho upozorn\u011bn\u00ed.<\/p>\n\n\n\n<p>Prod\u00e1vaj\u00edc\u00ed nenese v\u016f\u010di jin\u00e9 stran\u011b odpov\u011bdnost za p\u0159\u00edm\u00e9, nep\u0159\u00edm\u00e9 nebo mimo\u0159\u00e1dn\u00e9 \u0161kody, zp\u016fsoben\u00e9 pou\u017eit\u00edm informac\u00ed ze str\u00e1nky www.uniq-zuma.com<\/p>\n\n\n\n<p>Prod\u00e1vaj\u00edc\u00ed m\u016f\u017ee kdykoli bez p\u0159edchoz\u00edho upozorn\u011bn\u00ed zm\u011bnit zbo\u017e\u00ed.<\/p>\n\n\n\n<p>Prod\u00e1vaj\u00edc\u00ed si vyhrazuje pr\u00e1vo tyto obchodn\u00ed podm\u00ednky, kdykoli zm\u011bnit a\/nebo doplnit. Zm\u011bny a\/nebo dopl\u0148ky t\u011bchto obchodn\u00edch podm\u00ednek vstupuj\u00ed v platnost dnem jejich zve\u0159ejn\u011bn\u00ed na www.uniq-zuma.com<\/p>\n\n\n\n<p>Smluvn\u00ed strany se dohodly, \u017ee ve\u0161ker\u00e9 spory, kter\u00e9 mezi nimi vzniknou z pr\u00e1vn\u00edch vztah\u016f vypl\u00fdvaj\u00edc\u00edch ze smlouvy nebo smluv souvisej\u00edc\u00edch, v\u010detn\u011b spor\u016f o platnost, v\u00fdklad a ukon\u010den\u00ed t\u00e9to smlouvy, budou p\u0159ednostn\u011b \u0159e\u0161eny sm\u00edrnou cestou.<\/p>\n\n\n\n<p>Odesl\u00e1n\u00edm elektronick\u00e9 objedn\u00e1vky Prod\u00e1vaj\u00edc\u00edmu, Kupuj\u00edc\u00ed z\u00e1rove\u0148 potvrzuje sv\u016fj bezv\u00fdhradn\u00fd souhlas s obchodn\u00edmi podm\u00ednkami Prod\u00e1vaj\u00edc\u00edho.<\/p>\n\n\n\n<p>V Bratislav\u011b dne 20. \u010cervence 2023 UNIQ, s.r.o.<\/p>","protected":false},"excerpt":{"rendered":"<p>Obchodn\u00e9 podmienky \u010dl. 1 V\u0161eobecn\u00e9 ustanovenia Tieto obchodn\u00e9 podmienky upravuj\u00fa pr\u00e1va a povinnosti spolo\u010dnosti UNIQ, s.r.o. so s\u00eddlom Turnianska&nbsp;65, 903 01 Senec, Slovensk\u00e1 republika, prevadzka: Turnianska 39, Senec, 90301, I\u010cO: 44452136, DI\u010c: 2022703254, I\u010c DPH: SK2022703254 zap\u00edsanej v Obchodnom registri Mestsk\u00e9ho s\u00fadu Bratislava III, oddiel: Sro, vlo\u017eka \u010d.: 123111\/B, (\u010falej len \u201ePred\u00e1vaj\u00faci&#8220;) a kupuj\u00faceho (\u010falej [&hellip;]<\/p>","protected":false},"author":1,"featured_media":0,"parent":0,"menu_order":0,"comment_status":"closed","ping_status":"closed","template":"","meta":{"footnotes":""},"class_list":["post-12","page","type-page","status-publish","hentry"],"acf":[],"_links":{"self":[{"href":"https:\/\/uniq-zuma.com\/cz\/wp-json\/wp\/v2\/pages\/12","targetHints":{"allow":["GET"]}}],"collection":[{"href":"https:\/\/uniq-zuma.com\/cz\/wp-json\/wp\/v2\/pages"}],"about":[{"href":"https:\/\/uniq-zuma.com\/cz\/wp-json\/wp\/v2\/types\/page"}],"author":[{"embeddable":true,"href":"https:\/\/uniq-zuma.com\/cz\/wp-json\/wp\/v2\/users\/1"}],"replies":[{"embeddable":true,"href":"https:\/\/uniq-zuma.com\/cz\/wp-json\/wp\/v2\/comments?post=12"}],"version-history":[{"count":8,"href":"https:\/\/uniq-zuma.com\/cz\/wp-json\/wp\/v2\/pages\/12\/revisions"}],"predecessor-version":[{"id":368,"href":"https:\/\/uniq-zuma.com\/cz\/wp-json\/wp\/v2\/pages\/12\/revisions\/368"}],"wp:attachment":[{"href":"https:\/\/uniq-zuma.com\/cz\/wp-json\/wp\/v2\/media?parent=12"}],"curies":[{"name":"wp","href":"https:\/\/api.w.org\/{rel}","templated":true}]}}