{"id":452,"date":"2023-10-12T21:47:49","date_gmt":"2023-10-12T19:47:49","guid":{"rendered":"https:\/\/dev.uniq-zuma.com\/?page_id=452"},"modified":"2023-10-12T22:24:27","modified_gmt":"2023-10-12T20:24:27","slug":"krytka-s-hlasovym-ovladanim","status":"publish","type":"page","link":"https:\/\/uniq-zuma.com\/cz\/krytka-s-hlasovym-ovladanim\/","title":{"rendered":"Krytka s hlasov\u00fdm ovl\u00e1d\u00e1n\u00edm"},"content":{"rendered":"","protected":false},"excerpt":{"rendered":"","protected":false},"author":1,"featured_media":0,"parent":0,"menu_order":0,"comment_status":"closed","ping_status":"closed","template":"","meta":{"footnotes":""},"class_list":["post-452","page","type-page","status-publish","hentry"],"acf":[],"_links":{"self":[{"href":"https:\/\/uniq-zuma.com\/cz\/wp-json\/wp\/v2\/pages\/452","targetHints":{"allow":["GET"]}}],"collection":[{"href":"https:\/\/uniq-zuma.com\/cz\/wp-json\/wp\/v2\/pages"}],"about":[{"href":"https:\/\/uniq-zuma.com\/cz\/wp-json\/wp\/v2\/types\/page"}],"author":[{"embeddable":true,"href":"https:\/\/uniq-zuma.com\/cz\/wp-json\/wp\/v2\/users\/1"}],"replies":[{"embeddable":true,"href":"https:\/\/uniq-zuma.com\/cz\/wp-json\/wp\/v2\/comments?post=452"}],"version-history":[{"count":14,"href":"https:\/\/uniq-zuma.com\/cz\/wp-json\/wp\/v2\/pages\/452\/revisions"}],"predecessor-version":[{"id":470,"href":"https:\/\/uniq-zuma.com\/cz\/wp-json\/wp\/v2\/pages\/452\/revisions\/470"}],"wp:attachment":[{"href":"https:\/\/uniq-zuma.com\/cz\/wp-json\/wp\/v2\/media?parent=452"}],"curies":[{"name":"wp","href":"https:\/\/api.w.org\/{rel}","templated":true}]}}