{"id":491,"date":"2023-10-13T00:41:19","date_gmt":"2023-10-12T22:41:19","guid":{"rendered":"https:\/\/dev.uniq-zuma.com\/?post_type=product&#038;p=491"},"modified":"2023-10-18T11:35:56","modified_gmt":"2023-10-18T09:35:56","slug":"krytka-s-hlasovym-ovladanim","status":"publish","type":"product","link":"https:\/\/uniq-zuma.com\/cz\/product\/krytka-s-hlasovym-ovladanim\/","title":{"rendered":"Krytka s hlasov\u00fdm ovl\u00e1d\u00e1n\u00edm"},"content":{"rendered":"","protected":false},"excerpt":{"rendered":"","protected":false},"featured_media":0,"comment_status":"open","ping_status":"closed","template":"","meta":[],"product_cat":[15],"product_tag":[],"class_list":["post-491","product","type-product","status-publish","hentry","product_cat-nezaradene"],"acf":[],"_links":{"self":[{"href":"https:\/\/uniq-zuma.com\/cz\/wp-json\/wp\/v2\/product\/491","targetHints":{"allow":["GET"]}}],"collection":[{"href":"https:\/\/uniq-zuma.com\/cz\/wp-json\/wp\/v2\/product"}],"about":[{"href":"https:\/\/uniq-zuma.com\/cz\/wp-json\/wp\/v2\/types\/product"}],"replies":[{"embeddable":true,"href":"https:\/\/uniq-zuma.com\/cz\/wp-json\/wp\/v2\/comments?post=491"}],"wp:attachment":[{"href":"https:\/\/uniq-zuma.com\/cz\/wp-json\/wp\/v2\/media?parent=491"}],"wp:term":[{"taxonomy":"product_cat","embeddable":true,"href":"https:\/\/uniq-zuma.com\/cz\/wp-json\/wp\/v2\/product_cat?post=491"},{"taxonomy":"product_tag","embeddable":true,"href":"https:\/\/uniq-zuma.com\/cz\/wp-json\/wp\/v2\/product_tag?post=491"}],"curies":[{"name":"wp","href":"https:\/\/api.w.org\/{rel}","templated":true}]}}